{"id":1016,"date":"2016-10-10T15:05:50","date_gmt":"2016-10-10T12:05:50","guid":{"rendered":"http:\/\/ksir4.laugu.ee\/?page_id=1016"},"modified":"2019-01-27T13:40:28","modified_gmt":"2019-01-27T11:40:28","slug":"suusamatk-korvemaal","status":"publish","type":"page","link":"https:\/\/laugu.ee\/en\/suusamatk-korvemaal\/","title":{"rendered":"(Eesti) Fatbike matk"},"content":{"rendered":"\n<figure class=\"wp-block-image\"><img loading=\"lazy\" decoding=\"async\" width=\"1024\" height=\"768\" src=\"http:\/\/laugu.ee\/wp-content\/uploads\/2019\/01\/Aegna-16-1024x768.jpg\" alt=\"\" class=\"wp-image-1164\" srcset=\"https:\/\/laugu.ee\/wp-content\/uploads\/2019\/01\/Aegna-16-1024x768.jpg 1024w, https:\/\/laugu.ee\/wp-content\/uploads\/2019\/01\/Aegna-16-300x225.jpg 300w, https:\/\/laugu.ee\/wp-content\/uploads\/2019\/01\/Aegna-16-768x576.jpg 768w, https:\/\/laugu.ee\/wp-content\/uploads\/2019\/01\/Aegna-16-627x470.jpg 627w\" sizes=\"(max-width: 1024px) 100vw, 1024px\" \/><\/figure>\n\n\n\n<p> Tallinnast 40 km kaugusel Valkla asula tagant p\u00e4\u00e4seb ilusa puhkekeskuse \u00e4\u00e4rde, kust on avatud p\u00e4\u00e4s\u00a0kaunisse liivaranda, mida fatbike-ga lihtsalt suurep\u00e4rane avastada. Liivarand ise on v\u00e4ga\u00a0mitmepalgeline, v\u00f5imalik on s\u00f5ita kas sileda liivaranna \u00e4\u00e4res v\u00f5i siis k\u00fcnklikel luidedel, tempo\u00a0sellest ei muutu, kuna ratta laiad rehvid tagavad mugava s\u00f5idu igas olukorras. <\/p>\n\n\n\n<p>Vahepeale satuvad rannas kummalised ent huvitavad vanad majad, kivised rannaosad pakuvad ka\u00a0tehnilist nikerdamist ja m\u00f5ned kitsad rajad ning vee\u00fcletus p\u00f5nevust. Kui rand\u00a0otsa saab, keerame l\u00e4bi metsa end tee peale ja l\u00e4bime v\u00e4ga v\u00e4rvilise ja kauni Kaberneeme\u00a0k\u00fcla, mille teises otsas asubki juba poolsaare tipp, kus otsast ongi hea aeg v\u00e4ikeseks pausiks\u00a0ja vaate nautimiseks. Peale seda j\u00e4\u00e4b \u00fcle l\u00e4bi k\u00fcla tagasi s\u00f5ita ja siis juba j\u00e4\u00e4me ranna \u00e4\u00e4res\u00a0olevasse metsa, kus huvitavad risti-r\u00e4sti jooksvad k\u00fcnklikud rattarajad panevad silma s\u00e4rama igal\u00a0rattas\u00f5bral ja samas on v\u00f5imalik ka k\u00f5rgemalt n\u00e4ha rannavaadet pisut teise nurga alt. Kui\u00a0reis l\u00f5puks l\u00e4bi on, j\u00e4\u00e4b alles vaid kahjutunne, et need l\u00f5busad ja huvitavad 3 tundi nii kiirelt\u00a0m\u00f6\u00f6da said.<\/p>\n\n\n\n<h2 class=\"wp-block-heading\">Matka pikkus:<\/h2>\n\n\n\n<p>Ajaliselt umbes 3h. Matka alustame Valkla Puhkekeskuse juurest.<\/p>\n\n\n\n<h2 class=\"wp-block-heading\">Raskusaste:<\/h2>\n\n\n\n<p>Kerge, liivarannad ja k\u00fcla s\u00f5idud on k\u00f5igile<\/p>\n\n\n\n<h2 class=\"wp-block-heading\">Hind:<\/h2>\n\n\n\n<p><strong>Matkakorralduse tasu gruppidele 12-20 in:<\/strong><\/p>\n\n\n\n<p>49\u20ac + KM\/in (ilma piknikuta )<br>55\u20ac + KM\/in (koos piknikuga).<\/p>\n\n\n\n<p><strong>Hind sisaldab:&nbsp;<\/strong><\/p>\n\n\n\n<p>Matkajuhi teenuseid<br>Fatbike\u00b4i kasutust<br>Kiiver, helkurvest ja suur rattakott<\/p>\n\n\n\n<p><strong>M\u00e4ngu korraldab seiklusfirma 360 kraadi.<em><a href=\"http:\/\/www.360.ee\/\" target=\"_blank\" rel=\"noreferrer noopener\">&nbsp;www.360.ee<\/a><\/em><\/strong><br><\/p>\n","protected":false},"excerpt":{"rendered":"<p>Tallinnast 40 km kaugusel Valkla asula tagant p\u00e4\u00e4seb ilusa puhkekeskuse \u00e4\u00e4rde, kust on avatud p\u00e4\u00e4s\u00a0kaunisse liivaranda, mida fatbike-ga lihtsalt suurep\u00e4rane avastada. Liivarand ise on v\u00e4ga\u00a0mitmepalgeline, v\u00f5imalik on s\u00f5ita kas sileda liivaranna \u00e4\u00e4res v\u00f5i siis k\u00fcnklikel luidedel, tempo\u00a0sellest ei muutu, kuna ratta laiad rehvid tagavad mugava&#8230;<\/p>\n","protected":false},"author":1,"featured_media":0,"parent":0,"menu_order":0,"comment_status":"closed","ping_status":"closed","template":"","meta":{"footnotes":""},"_links":{"self":[{"href":"https:\/\/laugu.ee\/en\/wp-json\/wp\/v2\/pages\/1016"}],"collection":[{"href":"https:\/\/laugu.ee\/en\/wp-json\/wp\/v2\/pages"}],"about":[{"href":"https:\/\/laugu.ee\/en\/wp-json\/wp\/v2\/types\/page"}],"author":[{"embeddable":true,"href":"https:\/\/laugu.ee\/en\/wp-json\/wp\/v2\/users\/1"}],"replies":[{"embeddable":true,"href":"https:\/\/laugu.ee\/en\/wp-json\/wp\/v2\/comments?post=1016"}],"version-history":[{"count":5,"href":"https:\/\/laugu.ee\/en\/wp-json\/wp\/v2\/pages\/1016\/revisions"}],"predecessor-version":[{"id":1167,"href":"https:\/\/laugu.ee\/en\/wp-json\/wp\/v2\/pages\/1016\/revisions\/1167"}],"wp:attachment":[{"href":"https:\/\/laugu.ee\/en\/wp-json\/wp\/v2\/media?parent=1016"}],"curies":[{"name":"wp","href":"https:\/\/api.w.org\/{rel}","templated":true}]}}