{"id":990,"date":"2016-10-10T14:50:11","date_gmt":"2016-10-10T11:50:11","guid":{"rendered":"http:\/\/ksir4.laugu.ee\/?page_id=990"},"modified":"2022-10-04T12:21:32","modified_gmt":"2022-10-04T09:21:32","slug":"karl-vaino-moistatus","status":"publish","type":"page","link":"https:\/\/laugu.ee\/en\/karl-vaino-moistatus\/","title":{"rendered":"(Eesti) Karl V\u00e4ino m\u00f5istatus"},"content":{"rendered":"<div class=\"wpb-content-wrapper\"><p>[vc_row][vc_column][\/vc_column][\/vc_row][vc_row][vc_column][vc_column_text]<img loading=\"lazy\" decoding=\"async\" class=\"alignnone size-medium wp-image-1151\" src=\"http:\/\/laugu.ee\/wp-content\/uploads\/2018\/04\/karl-vaino-moistatus-300x102.jpg\" alt=\"\" width=\"300\" height=\"102\" srcset=\"https:\/\/laugu.ee\/wp-content\/uploads\/2018\/04\/karl-vaino-moistatus-300x102.jpg 300w, https:\/\/laugu.ee\/wp-content\/uploads\/2018\/04\/karl-vaino-moistatus-768x262.jpg 768w, https:\/\/laugu.ee\/wp-content\/uploads\/2018\/04\/karl-vaino-moistatus-1024x349.jpg 1024w, https:\/\/laugu.ee\/wp-content\/uploads\/2018\/04\/karl-vaino-moistatus.jpg 1085w\" sizes=\"(max-width: 300px) 100vw, 300px\" \/><\/p>\n<h1><a href=\"https:\/\/www.360.ee\/meeskonnatoo\/meeskonnamangud\/karl-v2ino\">Karl V\u00e4ino m\u00f5istatus<\/a><\/h1>\n<p><strong>Nagu meie oma\u00a0Da Vinci kood!<\/strong><\/p>\n<p>Uues kaasahaarava legendiga maastikum\u00e4ngus on nuputamist, liikumist ja meeskonnat\u00f6\u00f6d! Iga meeskond saab endale koopia K. V\u00e4ino omaaegsest portfellist koos selle salap\u00e4rase sisuga! Et lahendada V\u00e4ino portfelli m\u00f5istatus, tuleb teil koti sisu kasutades maastikul j\u00e4lgi ajada, uurida vihjed, murda lahti koode ja t\u00e4ita \u00fclesandeid.<\/p>\n<p>Legendi kohaselt leiti rahvamuuseumi kolimise k\u00e4igus \u00fcks lukustatud kast, millel on venekeelne kiri hoiatusega, et kasti j\u00f5uga avamine h\u00e4vitab selle sisu. Muuseumi t\u00f6\u00f6tajad kinnitavad, et uusimate dateerimismeetoditega on kindlaks tehtud, et kast kuulus t\u00f5epoolest Karl V\u00e4inole. Just sedasama kasti on aardek\u00fctid aastak\u00fcmneid otsinud!<\/p>\n<h2>Pane tiim proovile!<\/h2>\n<p>Karl V\u00e4ino oli omal ajal teada-tuntud oma lahutamatu nahkportfelli t\u00f5ttu. See oli tal alati kaasas &#8211; nii koosolekutel kui ka Kalma saunas. Portfelli omaniku kohta on aastatega liikvele l\u00e4inud palju legende, mis on aja jooksul muutunud aina v\u00e4rvikamaks ja rikastunud uute versioonidega. \u00dcks neist v\u00e4idab, et V\u00e4ino peitis kuhugi midagi hinnalist ja porfellis on vihjed selle kohta. Teise legendi p\u00f5hjal v\u00f5ib arvata, et mees hoidis lukustatud kastis hoopis midagi isiklikku, mis sel ajal avalikustamist kartis.<\/p>\n<p>N\u00fc\u00fcd, kui ootamatult leiti too salap\u00e4rane kast, on iga\u00fchel v\u00f5imalus asuda m\u00f5istatust lahendama ja selgus majja l\u00fc\u00fca!<\/p>\n<p>Meil on Karl V\u00e4ino kuulsast portfellist tehtud 25 koopiat! Selles on erinevat ajastukohast kraami: kompass, rublad, viinapudel, t\u00f6\u00f6riistad ja palju esemeid, millega esmapilgul oskagi midagi peal hakata. Teil v\u00f5imalus end proovile panna ja m\u00f5istatus lahendada! Iga tiim saab porfelli koopia ja lisaks moodsa nutika abilise! Kui meil \u00f5nnestub koos m\u00f5istatus lahendadada ja kast avada, siis jagatakse selle sisu \u00e4ra. K\u00f5ige suurema panuse andnud tiim saab kastist valida autasu esimesena.<\/p>\n<p>M\u00f5istatuse lahendamine k\u00e4ib 6-7 liikmelistes tiimides. Erinevad \u00fclesanded ja v\u00e4ljakutsed asuvad maastikul eri kohtades, liikumisel tuleb kasutada nii vana head kompassi, kui elektroonist kaarti. \u00dclesannete seas on nii nuputamist, kui ka reaalseid \u00fclesandeid. Iga lahendatud \u00fclesanne viib j\u00e4rgmiseni. M\u00e4ng on j\u00f5ukohane k\u00f5igile &#8211; selles on sees ka \u00f5lek\u00f5rred, mida kasutades saad m\u00e4ngus edasi, kuid mille kasutamine v\u00f5ib kahandada v\u00f5iduv\u00f5imalusi. P\u00f5nevust ja pinget lisab piiratud aeg!<\/p>\n<p>* M\u00f5istatust on saab lahendada\u00a0 kevadel, suvel ja s\u00fcgisel (miinuskraadidega ei saa m\u00e4ngida).<br \/>\n* Sobib m\u00e4ngimiseks pimedas pealampidega, lambid meie poolt<br \/>\n* M\u00e4ng v\u00e4ltab kokku 2,5 tundi.<br \/>\n* Korraga saab koodi murda kuni 200 inimest, minimaalne 10 inimest<br \/>\n* M\u00e4ngida saab eesti ja inglise keeles<\/p>\n<p><strong>Korralduse tasu<\/strong><\/p>\n<p>Grupi suurus\u00a0 \u00a0 \u00a0 \u00a0 \u00a0Hind osaleja kohta<br \/>\n12 \u2013 20 inimest\u00a0 \u00a0 \u00a0 25 \u20ac<br \/>\n21 \u2013 40 inimest\u00a0 \u00a0 \u00a0 20 \u20ac<\/p>\n<p>Hinnale lisandub k\u00e4ibemaks 20%<\/p>\n<p>M\u00e4ngu korraldab seiklusfirma 360 kraadi.<br \/>\n<a class=\"caption\" title=\"www.360.ee\" href=\"http:\/\/www.360.ee\/\" target=\"_blank\" rel=\"noopener\">www.360.ee<\/a>[\/vc_column_text][\/vc_column][\/vc_row]<\/p>\n<\/div>","protected":false},"excerpt":{"rendered":"<p>[vc_row][vc_column][\/vc_column][\/vc_row][vc_row][vc_column][vc_column_text] Karl V\u00e4ino m\u00f5istatus Nagu meie oma\u00a0Da Vinci kood! Uues kaasahaarava legendiga maastikum\u00e4ngus on nuputamist, liikumist ja meeskonnat\u00f6\u00f6d! Iga meeskond saab endale koopia K. V\u00e4ino omaaegsest portfellist koos selle salap\u00e4rase sisuga! Et lahendada V\u00e4ino portfelli m\u00f5istatus, tuleb teil koti sisu kasutades maastikul j\u00e4lgi ajada, uurida&#8230;<\/p>\n","protected":false},"author":1,"featured_media":0,"parent":0,"menu_order":0,"comment_status":"closed","ping_status":"closed","template":"","meta":{"footnotes":""},"_links":{"self":[{"href":"https:\/\/laugu.ee\/en\/wp-json\/wp\/v2\/pages\/990"}],"collection":[{"href":"https:\/\/laugu.ee\/en\/wp-json\/wp\/v2\/pages"}],"about":[{"href":"https:\/\/laugu.ee\/en\/wp-json\/wp\/v2\/types\/page"}],"author":[{"embeddable":true,"href":"https:\/\/laugu.ee\/en\/wp-json\/wp\/v2\/users\/1"}],"replies":[{"embeddable":true,"href":"https:\/\/laugu.ee\/en\/wp-json\/wp\/v2\/comments?post=990"}],"version-history":[{"count":8,"href":"https:\/\/laugu.ee\/en\/wp-json\/wp\/v2\/pages\/990\/revisions"}],"predecessor-version":[{"id":1280,"href":"https:\/\/laugu.ee\/en\/wp-json\/wp\/v2\/pages\/990\/revisions\/1280"}],"wp:attachment":[{"href":"https:\/\/laugu.ee\/en\/wp-json\/wp\/v2\/media?parent=990"}],"curies":[{"name":"wp","href":"https:\/\/api.w.org\/{rel}","templated":true}]}}