{"id":1013,"date":"2016-10-10T15:04:17","date_gmt":"2016-10-10T12:04:17","guid":{"rendered":"http:\/\/ksir4.laugu.ee\/?page_id=1013"},"modified":"2019-01-27T13:41:08","modified_gmt":"2019-01-27T11:41:08","slug":"raatsamatk-viru-rabas","status":"publish","type":"page","link":"https:\/\/laugu.ee\/fi\/raatsamatk-viru-rabas\/","title":{"rendered":"(Eesti) R\u00e4\u00e4tsamatk Viru rabas"},"content":{"rendered":"<p class=\"qtranxs-available-languages-message qtranxs-available-languages-message-fi\">Anteeksi, mutta t\u00e4m\u00e4 kirjoitus on saatavana ainoastaan n\u00e4ill\u00e4 kielill\u00e4: <a href=\"https:\/\/laugu.ee\/et\/wp-json\/wp\/v2\/pages\/1013\" class=\"qtranxs-available-language-link qtranxs-available-language-link-et\" title=\"Eesti\">Eesti<\/a>.<\/p>\n","protected":false},"excerpt":{"rendered":"<p>Anteeksi, mutta t\u00e4m\u00e4 kirjoitus on saatavana ainoastaan n\u00e4ill\u00e4 kielill\u00e4: Eesti.<\/p>\n","protected":false},"author":1,"featured_media":0,"parent":0,"menu_order":0,"comment_status":"closed","ping_status":"closed","template":"","meta":{"footnotes":""},"_links":{"self":[{"href":"https:\/\/laugu.ee\/fi\/wp-json\/wp\/v2\/pages\/1013"}],"collection":[{"href":"https:\/\/laugu.ee\/fi\/wp-json\/wp\/v2\/pages"}],"about":[{"href":"https:\/\/laugu.ee\/fi\/wp-json\/wp\/v2\/types\/page"}],"author":[{"embeddable":true,"href":"https:\/\/laugu.ee\/fi\/wp-json\/wp\/v2\/users\/1"}],"replies":[{"embeddable":true,"href":"https:\/\/laugu.ee\/fi\/wp-json\/wp\/v2\/comments?post=1013"}],"version-history":[{"count":4,"href":"https:\/\/laugu.ee\/fi\/wp-json\/wp\/v2\/pages\/1013\/revisions"}],"predecessor-version":[{"id":1168,"href":"https:\/\/laugu.ee\/fi\/wp-json\/wp\/v2\/pages\/1013\/revisions\/1168"}],"wp:attachment":[{"href":"https:\/\/laugu.ee\/fi\/wp-json\/wp\/v2\/media?parent=1013"}],"curies":[{"name":"wp","href":"https:\/\/api.w.org\/{rel}","templated":true}]}}