{"id":798,"date":"2016-10-09T14:39:43","date_gmt":"2016-10-09T11:39:43","guid":{"rendered":"http:\/\/104.131.255.213\/specular\/business3\/?page_id=798"},"modified":"2024-04-30T11:13:04","modified_gmt":"2024-04-30T08:13:04","slug":"kontaktid","status":"publish","type":"page","link":"https:\/\/laugu.ee\/fi\/kontaktid\/","title":{"rendered":"Yhteystiedot"},"content":{"rendered":"<div class=\"wpb-content-wrapper\"><p>[vc_row css_animation=&#8221;&#8221; row_type=&#8221;row&#8221; use_row_as_full_screen_section=&#8221;no&#8221; type=&#8221;full_width_content&#8221; angled_section=&#8221;no&#8221; text_align=&#8221;left&#8221; background_image_as_pattern=&#8221;without_pattern&#8221;][vc_column][vc_raw_html]JTNDaWZyYW1lJTIwc3R5bGUlM0QlMjJib3JkZXIlM0ElMjAwJTNCJTIyJTIwc3JjJTNEJTIyaHR0cHMlM0ElMkYlMkZ3d3cuZ29vZ2xlLmNvbSUyRm1hcHMlMkZlbWJlZCUzRnBiJTNEJTIxMW0xOCUyMTFtMTIlMjExbTMlMjExZDY0ODM2LjU1MDQyNDg3OTcxJTIxMmQyNS4zOTU5OTY2Mzk4MjY0MTglMjEzZDU5LjQ4MDcyNTcwNzM5MjI5JTIxMm0zJTIxMWYwJTIxMmYwJTIxM2YwJTIxM20yJTIxMWkxMDI0JTIxMmk3NjglMjE0ZjEzLjElMjEzbTMlMjExbTIlMjExczB4NDY5MmZjMjNhOTU0NDhmMyUyNTNBMHg1Y2M5NmI5ZjE1MjhmNTBiJTIxMnNMYXVndSUyQkd1ZXN0aG91c2UlMjE1ZTAlMjEzbTIlMjExc2V0JTIxMnNlZSUyMTR2MTQ3NjA4OTUxNDIzNyUyMiUyMHdpZHRoJTNEJTIyMTAwJTI1JTIyJTIwaGVpZ2h0JTNEJTIyMzUwJTIyJTIwZnJhbWVib3JkZXIlM0QlMjIwJTIyJTIwYWxsb3dmdWxsc2NyZWVuJTNEJTIyYWxsb3dmdWxsc2NyZWVuJTIyJTNFJTNDJTJGaWZyYW1lJTNF[\/vc_raw_html][\/vc_column][\/vc_row][vc_row css_animation=&#8221;&#8221; row_type=&#8221;row&#8221; use_row_as_full_screen_section=&#8221;no&#8221; type=&#8221;grid&#8221; angled_section=&#8221;no&#8221; text_align=&#8221;left&#8221; background_image_as_pattern=&#8221;without_pattern&#8221; z_index=&#8221;&#8221; padding_top=&#8221;80&#8243; padding_bottom=&#8221;80&#8243;][vc_column width=&#8221;2\/3&#8243;][vc_column_text]<\/p>\n<h3>Pyyd\u00e4 tarjous<\/h3>\n<p>[\/vc_column_text][vc_empty_space]\n<div class=\"wpcf7 no-js\" id=\"wpcf7-f927-o1\" lang=\"fi\" dir=\"ltr\">\n<div class=\"screen-reader-response\"><p role=\"status\" aria-live=\"polite\" aria-atomic=\"true\"><\/p> <ul><\/ul><\/div>\n<form action=\"\/fi\/wp-json\/wp\/v2\/pages\/798#wpcf7-f927-o1\" method=\"post\" class=\"wpcf7-form init cf7_custom_style_1\" aria-label=\"Yhteydenottolomake\" novalidate=\"novalidate\" data-status=\"init\">\n<div style=\"display: none;\">\n<input type=\"hidden\" name=\"_wpcf7\" value=\"927\" \/>\n<input type=\"hidden\" name=\"_wpcf7_version\" value=\"5.9.3\" \/>\n<input type=\"hidden\" name=\"_wpcf7_locale\" value=\"fi\" \/>\n<input type=\"hidden\" name=\"_wpcf7_unit_tag\" value=\"wpcf7-f927-o1\" \/>\n<input type=\"hidden\" name=\"_wpcf7_container_post\" value=\"0\" \/>\n<input type=\"hidden\" name=\"_wpcf7_posted_data_hash\" value=\"\" \/>\n<input type=\"hidden\" name=\"_wpcf7_recaptcha_response\" value=\"\" \/>\n<\/div>\n<p><label> Nimi*<br \/>\n<span class=\"wpcf7-form-control-wrap\" data-name=\"your-name\"><input size=\"40\" class=\"wpcf7-form-control wpcf7-text wpcf7-validates-as-required\" aria-required=\"true\" aria-invalid=\"false\" value=\"\" type=\"text\" name=\"your-name\" \/><\/span> <\/label>\n<\/p>\n<p><label> S\u00e4hk\u00f6posti*<br \/>\n<span class=\"wpcf7-form-control-wrap\" data-name=\"your-email\"><input size=\"40\" class=\"wpcf7-form-control wpcf7-email wpcf7-validates-as-required wpcf7-text wpcf7-validates-as-email\" aria-required=\"true\" aria-invalid=\"false\" value=\"\" type=\"email\" name=\"your-email\" \/><\/span> <\/label>\n<\/p>\n<p><label> Otsikko*<br \/>\n<span class=\"wpcf7-form-control-wrap\" data-name=\"your-subject\"><input size=\"40\" class=\"wpcf7-form-control wpcf7-text wpcf7-validates-as-required\" aria-required=\"true\" aria-invalid=\"false\" value=\"\" type=\"text\" name=\"your-subject\" \/><\/span> <\/label>\n<\/p>\n<p><label> Tiedot*<br \/>\n<span class=\"wpcf7-form-control-wrap\" data-name=\"your-message\"><textarea cols=\"40\" rows=\"10\" class=\"wpcf7-form-control wpcf7-textarea wpcf7-validates-as-required\" aria-required=\"true\" aria-invalid=\"false\" name=\"your-message\"><\/textarea><\/span> <\/label>\n<\/p>\n<p><input class=\"wpcf7-form-control wpcf7-submit has-spinner\" type=\"submit\" value=\"L\u00e4het\u00e4\" \/>\n<\/p><div class=\"wpcf7-response-output\" aria-hidden=\"true\"><\/div>\n<\/form>\n<\/div>\n[vc_empty_space][\/vc_column][vc_column width=&#8221;1\/3&#8243;][vc_column_text]<\/p>\n<h3>Laugu k\u00fclalistemaja<\/h3>\n<p>[\/vc_column_text][vc_empty_space][vc_column_text]S\u00f5itme k\u00fcla, Kuusalu vald, Harjumaa 74601<\/p>\n<p>GSM : (+372) 5270246 Maris<\/p>\n<p>E-post: <a href=\"mailto:info@laugu.ee\">info@laugu.ee<\/a><\/p>\n<p>GPS koordinaatit: 25\u00b027&#8217;23&#8221; E, 59\u00b028&#8217;42&#8221;N<\/p>\n<p>&nbsp;<\/p>\n<p><strong>Kuinka meid\u00e4t l\u00f6yt\u00e4\u00e4?<\/strong><\/p>\n<p>Laugun Vierastalo sijaitsee 45 kilometri\u00e4 Tallinnasta it\u00e4\u00e4n, Kuusalun kunnassa, S\u00f5itmen kyl\u00e4ss\u00e4. Tallinnasta tultaessa ajetaan Tallinna-Pietari maantiet\u00e4 (valtatie 1) 40 km, sitten k\u00e4\u00e4nnyt\u00e4\u00e4n oikealle Kuusalun ja Leesin suuntaan. Sielt\u00e4 ajetaan 5 km Leesin suuntaan, kun tulee viitta Laugu k\u00fclalistemaja 600 m.[\/vc_column_text][vc_empty_space][vc_raw_html]JTNDaWZyYW1lJTIwc3JjJTNEJTIyaHR0cHMlM0ElMkYlMkZ3d3cuZmFjZWJvb2suY29tJTJGcGx1Z2lucyUyRnBhZ2UucGhwJTNGaHJlZiUzRGh0dHBzJTI1M0ElMjUyRiUyNTJGd3d3LmZhY2Vib29rLmNvbSUyNTJGbGF1Z3VrdWxhbGlzdGVtYWphJTI1MkYlMjZ0YWJzJTI2d2lkdGglM0QzNDAlMjZoZWlnaHQlM0QxMzAlMjZzbWFsbF9oZWFkZXIlM0RmYWxzZSUyNmFkYXB0X2NvbnRhaW5lcl93aWR0aCUzRHRydWUlMjZoaWRlX2NvdmVyJTNEZmFsc2UlMjZzaG93X2ZhY2VwaWxlJTNEZmFsc2UlMjZhcHBJZCUzRDM1NjU1NjkxMjQyODEyNyUyMiUyMHdpZHRoJTNEJTIyMzQwJTIyJTIwaGVpZ2h0JTNEJTIyMTMwJTIyJTIwc3R5bGUlM0QlMjJib3JkZXIlM0Fub25lJTNCb3ZlcmZsb3clM0FoaWRkZW4lMjIlMjBzY3JvbGxpbmclM0QlMjJubyUyMiUyMGZyYW1lYm9yZGVyJTNEJTIyMCUyMiUyMGFsbG93ZnVsbHNjcmVlbiUzRCUyMnRydWUlMjIlMjBhbGxvdyUzRCUyMmF1dG9wbGF5JTNCJTIwY2xpcGJvYXJkLXdyaXRlJTNCJTIwZW5jcnlwdGVkLW1lZGlhJTNCJTIwcGljdHVyZS1pbi1waWN0dXJlJTNCJTIwd2ViLXNoYXJlJTIyJTNFJTNDJTJGaWZyYW1lJTNF[\/vc_raw_html][\/vc_column][\/vc_row]<\/p>\n<\/div>","protected":false},"excerpt":{"rendered":"<p>[vc_row css_animation=&#8221;&#8221; row_type=&#8221;row&#8221; use_row_as_full_screen_section=&#8221;no&#8221; type=&#8221;full_width_content&#8221; angled_section=&#8221;no&#8221; text_align=&#8221;left&#8221; background_image_as_pattern=&#8221;without_pattern&#8221;][vc_column][vc_raw_html]JTNDaWZyYW1lJTIwc3R5bGUlM0QlMjJib3JkZXIlM0ElMjAwJTNCJTIyJTIwc3JjJTNEJTIyaHR0cHMlM0ElMkYlMkZ3d3cuZ29vZ2xlLmNvbSUyRm1hcHMlMkZlbWJlZCUzRnBiJTNEJTIxMW0xOCUyMTFtMTIlMjExbTMlMjExZDY0ODM2LjU1MDQyNDg3OTcxJTIxMmQyNS4zOTU5OTY2Mzk4MjY0MTglMjEzZDU5LjQ4MDcyNTcwNzM5MjI5JTIxMm0zJTIxMWYwJTIxMmYwJTIxM2YwJTIxM20yJTIxMWkxMDI0JTIxMmk3NjglMjE0ZjEzLjElMjEzbTMlMjExbTIlMjExczB4NDY5MmZjMjNhOTU0NDhmMyUyNTNBMHg1Y2M5NmI5ZjE1MjhmNTBiJTIxMnNMYXVndSUyQkd1ZXN0aG91c2UlMjE1ZTAlMjEzbTIlMjExc2V0JTIxMnNlZSUyMTR2MTQ3NjA4OTUxNDIzNyUyMiUyMHdpZHRoJTNEJTIyMTAwJTI1JTIyJTIwaGVpZ2h0JTNEJTIyMzUwJTIyJTIwZnJhbWVib3JkZXIlM0QlMjIwJTIyJTIwYWxsb3dmdWxsc2NyZWVuJTNEJTIyYWxsb3dmdWxsc2NyZWVuJTIyJTNFJTNDJTJGaWZyYW1lJTNF[\/vc_raw_html][\/vc_column][\/vc_row][vc_row css_animation=&#8221;&#8221; row_type=&#8221;row&#8221; use_row_as_full_screen_section=&#8221;no&#8221; type=&#8221;grid&#8221; angled_section=&#8221;no&#8221; text_align=&#8221;left&#8221; background_image_as_pattern=&#8221;without_pattern&#8221; z_index=&#8221;&#8221; padding_top=&#8221;80&#8243; padding_bottom=&#8221;80&#8243;][vc_column width=&#8221;2\/3&#8243;][vc_column_text] Pyyd\u00e4 tarjous [\/vc_column_text][vc_empty_space][vc_empty_space][\/vc_column][vc_column width=&#8221;1\/3&#8243;][vc_column_text] Laugu k\u00fclalistemaja [\/vc_column_text][vc_empty_space][vc_column_text]S\u00f5itme k\u00fcla, Kuusalu vald, Harjumaa 74601 GSM : (+372) 5270246 Maris E-post: info@laugu.ee GPS koordinaatit: 25\u00b027&#8217;23&#8221; E, 59\u00b028&#8217;42&#8221;N &nbsp; Kuinka&#8230;<\/p>\n","protected":false},"author":1,"featured_media":0,"parent":0,"menu_order":0,"comment_status":"open","ping_status":"open","template":"full_width.php","meta":{"footnotes":""},"_links":{"self":[{"href":"https:\/\/laugu.ee\/fi\/wp-json\/wp\/v2\/pages\/798"}],"collection":[{"href":"https:\/\/laugu.ee\/fi\/wp-json\/wp\/v2\/pages"}],"about":[{"href":"https:\/\/laugu.ee\/fi\/wp-json\/wp\/v2\/types\/page"}],"author":[{"embeddable":true,"href":"https:\/\/laugu.ee\/fi\/wp-json\/wp\/v2\/users\/1"}],"replies":[{"embeddable":true,"href":"https:\/\/laugu.ee\/fi\/wp-json\/wp\/v2\/comments?post=798"}],"version-history":[{"count":22,"href":"https:\/\/laugu.ee\/fi\/wp-json\/wp\/v2\/pages\/798\/revisions"}],"predecessor-version":[{"id":1301,"href":"https:\/\/laugu.ee\/fi\/wp-json\/wp\/v2\/pages\/798\/revisions\/1301"}],"wp:attachment":[{"href":"https:\/\/laugu.ee\/fi\/wp-json\/wp\/v2\/media?parent=798"}],"curies":[{"name":"wp","href":"https:\/\/api.w.org\/{rel}","templated":true}]}}