{"id":911,"date":"2016-10-10T11:57:25","date_gmt":"2016-10-10T08:57:25","guid":{"rendered":"http:\/\/ksir4.laugu.ee\/?page_id=911"},"modified":"2025-02-08T14:29:45","modified_gmt":"2025-02-08T12:29:45","slug":"hinnakiri","status":"publish","type":"page","link":"https:\/\/laugu.ee\/fi\/hinnakiri\/","title":{"rendered":"Hinnasto"},"content":{"rendered":"<div class=\"wpb-content-wrapper\"><p>[vc_row css_animation=&#8221;&#8221; row_type=&#8221;row&#8221; use_row_as_full_screen_section=&#8221;no&#8221; type=&#8221;grid&#8221; angled_section=&#8221;no&#8221; text_align=&#8221;left&#8221; background_image_as_pattern=&#8221;without_pattern&#8221; z_index=&#8221;&#8221; padding_top=&#8221;80&#8243; padding_bottom=&#8221;80&#8243;][vc_column][vc_column_text css=&#8221;&#8221;]<strong>Majoitus<\/strong><\/p>\n<ul>\n<li>2 hengen huone\u00a0 &#8211; 50 EUR (huonessa on WC, suihku ja Wifi)<\/li>\n<\/ul>\n<ul>\n<li>Lis\u00e4vuode &#8211;\u00a0 20 EUR<\/li>\n<\/ul>\n<ul>\n<li>Hintaan ei sis\u00e4ltyy aamiainen- 10 EUR\/ ihminen<\/li>\n<\/ul>\n<ul>\n<li>Keitti\u00f6n k\u00e4ytt\u00f6mahdollisuus<\/li>\n<\/ul>\n<ul>\n<li>Check-in aika on 15.00 and check-out aika on 12.00 keskip\u00e4iv\u00e4ll\u00e4<\/li>\n<\/ul>\n<p><strong>Talon vuokraus<\/strong> &#8211; 750 EUR<\/p>\n<ul>\n<li>Hintaan sis\u00e4ltyy majoitus , takkahuoneen, saunatilojen ja juhlasalin k\u00e4ytt\u00f6<\/li>\n<\/ul>\n<ul>\n<li>Hintaan ei sis\u00e4ltyy aamiainen- 10 EUR\/ ihminen<\/li>\n<\/ul>\n<ul>\n<li>Check-in aika on 15.00 and check-out aika on 12.00 keskip\u00e4iv\u00e4ll\u00e4<\/li>\n<\/ul>\n<p><strong>Kokoussali- <\/strong>paikkoja 30-lle vieraalle.<\/p>\n<ul>\n<li>Hinta: 200 EUR\/ p\u00e4iv\u00e4<\/li>\n<\/ul>\n<ul>\n<li>Hintaan sis\u00e4ltyy: flappitaulu, valkokangas, Wifi, dataprojektori.<\/li>\n<\/ul>\n<p><strong>Saunan vuokraus<\/strong><strong>&#8211; 50<\/strong>\u00a0EUR\/ tunti<\/p>\n<p><strong>Telttapaikka<\/strong><strong> &#8211;<\/strong>\u00a015 EUR\/ ihminen<\/p>\n<ul>\n<li>Hintaan sis\u00e4ltyy: keitti\u00f6n-, suihkun- ja WC-n k\u00e4ytt\u00f6<\/li>\n<\/ul>\n<p>[\/vc_column_text][\/vc_column][\/vc_row]<\/p>\n<\/div>","protected":false},"excerpt":{"rendered":"<p>[vc_row css_animation=&#8221;&#8221; row_type=&#8221;row&#8221; use_row_as_full_screen_section=&#8221;no&#8221; type=&#8221;grid&#8221; angled_section=&#8221;no&#8221; text_align=&#8221;left&#8221; background_image_as_pattern=&#8221;without_pattern&#8221; z_index=&#8221;&#8221; padding_top=&#8221;80&#8243; padding_bottom=&#8221;80&#8243;][vc_column][vc_column_text css=&#8221;&#8221;]Majoitus 2 hengen huone\u00a0 &#8211; 50 EUR (huonessa on WC, suihku ja Wifi) Lis\u00e4vuode &#8211;\u00a0 20 EUR Hintaan ei sis\u00e4ltyy aamiainen- 10 EUR\/ ihminen Keitti\u00f6n k\u00e4ytt\u00f6mahdollisuus Check-in aika on 15.00 and check-out aika on&#8230;<\/p>\n","protected":false},"author":1,"featured_media":0,"parent":0,"menu_order":0,"comment_status":"closed","ping_status":"closed","template":"full_width.php","meta":{"footnotes":""},"_links":{"self":[{"href":"https:\/\/laugu.ee\/fi\/wp-json\/wp\/v2\/pages\/911"}],"collection":[{"href":"https:\/\/laugu.ee\/fi\/wp-json\/wp\/v2\/pages"}],"about":[{"href":"https:\/\/laugu.ee\/fi\/wp-json\/wp\/v2\/types\/page"}],"author":[{"embeddable":true,"href":"https:\/\/laugu.ee\/fi\/wp-json\/wp\/v2\/users\/1"}],"replies":[{"embeddable":true,"href":"https:\/\/laugu.ee\/fi\/wp-json\/wp\/v2\/comments?post=911"}],"version-history":[{"count":50,"href":"https:\/\/laugu.ee\/fi\/wp-json\/wp\/v2\/pages\/911\/revisions"}],"predecessor-version":[{"id":1480,"href":"https:\/\/laugu.ee\/fi\/wp-json\/wp\/v2\/pages\/911\/revisions\/1480"}],"wp:attachment":[{"href":"https:\/\/laugu.ee\/fi\/wp-json\/wp\/v2\/media?parent=911"}],"curies":[{"name":"wp","href":"https:\/\/api.w.org\/{rel}","templated":true}]}}