{"id":1204,"date":"2019-01-27T15:09:54","date_gmt":"2019-01-27T13:09:54","guid":{"rendered":"http:\/\/laugu.ee\/?page_id=1204"},"modified":"2021-10-27T15:37:56","modified_gmt":"2021-10-27T12:37:56","slug":"nipernaadi-rannak","status":"publish","type":"page","link":"https:\/\/laugu.ee\/ru\/karl-vaino-moistatus\/nipernaadi-rannak\/","title":{"rendered":"(Eesti) Nipernaadi R\u00e4nnak"},"content":{"rendered":"\r\n<figure class=\"wp-block-image\"><img loading=\"lazy\" decoding=\"async\" width=\"1024\" height=\"349\" class=\"wp-image-1205\" src=\"http:\/\/laugu.ee\/wp-content\/uploads\/2019\/01\/mangud-vabaohumuuseumis-2-1024x349.jpg\" alt=\"\" srcset=\"https:\/\/laugu.ee\/wp-content\/uploads\/2019\/01\/mangud-vabaohumuuseumis-2-1024x349.jpg 1024w, https:\/\/laugu.ee\/wp-content\/uploads\/2019\/01\/mangud-vabaohumuuseumis-2-300x102.jpg 300w, https:\/\/laugu.ee\/wp-content\/uploads\/2019\/01\/mangud-vabaohumuuseumis-2-768x262.jpg 768w, https:\/\/laugu.ee\/wp-content\/uploads\/2019\/01\/mangud-vabaohumuuseumis-2.jpg 1085w\" sizes=\"(max-width: 1024px) 100vw, 1024px\" \/><\/figure>\r\n\r\n\r\n\r\n<p><em>Toomas Nipernaadi on tundmatu r\u00e4ndaja. Ta luiskab alatasa ning jagab katteta lubadusi \u2013 eriti ilusatele naistele. Nipernaadi enda s\u00f5nul &#171;ilus vale maksab rohkem kui karm t\u00f5de&#187;.<\/em><\/p>\r\n\r\n\r\n\r\n<p><br \/>Nipernaadi r\u00e4nnak on uus Eesti-teemaline maastikuviktoriin meeskondadele. Selles m\u00e4ngus olete nagu Nipernaadi ja l\u00e4hi\u00fcmbruse loodus on kui Eestimaa, mida m\u00f6\u00f6da vaba hingena ringi r\u00e4nnata. Igas peatuspunktis tuleb teil Nipernaadi \u201epaunast\u201c t\u00f5mmata v\u00e4lja vastus k\u00fcsimusele, mida inimesed erinevas paigus vajavad. Siin luisata ei tohi ja kui vastate \u00f5igesti, saate kiita.<\/p>\r\n\r\n\r\n\r\n<h2 class=\"wp-block-heading\">Vahel on luisata kasulik<\/h2>\r\n\r\n\r\n\r\n<p>Tegemist on tiimidevahelise v\u00f5istlusega ja kui teil \u00f5nnestub konkurente haneks t\u00f5mmata l\u00e4bi lustaka luiskamise ning nad valele teele suunata, siis nende kiituste skoor v\u00e4heneb. Kaardil on kogu m\u00e4ngu v\u00e4ltel ka teiste tiimide liikumine n\u00e4ha ning eduka &#171;j\u00e4nesehaagi&#187; korral saate teiste skoori v\u00e4hendada.<\/p>\r\n\r\n\r\n\r\n<h2 class=\"wp-block-heading\">M\u00e4ng sobib nii uitajatele, kui v\u00f5itjatele<\/h2>\r\n\r\n\r\n\r\n<p>R\u00e4nnakut saab v\u00f5tta rahulikult jalutades kelmikaid k\u00fcsimusi ja loodust nautides. Kuna keegi peab siiski v\u00f5itma ja Sinul on just see plaan, siis tasub nuputada rohkem ning aega ja teekonda planeerida nii, et olla k\u00f5ige tegusam t\u00e4pselt keskp\u00e4eval. &#171;Keskp\u00e4ev&#187; saabub t\u00e4pselt m\u00e4ngu keskel ja siis on piiratud ajal k\u00f5ik kiitused topeltskooriga. Planeerimine ja tempokas vahesprint lisavad p\u00f5nevust ja ootamatuid olukordi, mida on l\u00f5bus m\u00e4ngu kokkuv\u00f5tet tehes koos l\u00e4bi arutada.<br \/><br \/>Nipernaadi kombel \u00f6\u00f6d metsas v\u00f5i j\u00f5ek\u00e4\u00e4rus veetma ei pea &#8212; m\u00e4ng kestab orienteeruvalt 2 tundi. P\u00e4ikeseloojanguks tuleb hulkurielu maha j\u00e4tta ja tavaellu tagasi p\u00f6\u00f6rduda. Rahulikus tempos jalutatakse 2-6 kilomeetrit.<\/p>\r\n\r\n\r\n\r\n<p>M\u00e4ngus osalevad 3-5 liikmelised meeskonnad, kel tuleb Nipernaadi \u201epaun&#187; k\u00e4e otsas k\u00f5lkumas m\u00f6\u00f6da Eestimaad r\u00e4nnata ja ettetulevaid \u00fclesandeid lahendada.<\/p>\r\n\r\n\r\n\r\n<p>Tiimi eesm\u00e4rk on k\u00e4ia l\u00e4bi v\u00f5imalikult palju Eestimaa paiku ja teenida kiitust. Igas asulas on keegi, keda aidates saab kiitust teenida. Nipernaadi \u201epaun\u201c on 21. sajandile kohane &#8212; ilmastikukindlas kotis tahvelarvuti, mis juhatab kogu m\u00e4ngu: navigeerib, esitab k\u00fcsimusi ja p\u00fcstitab \u00fclesandeid ning peab arvet kiituste osas. K\u00fcsimused on k\u00f5ik Eestiga seotud, Nipernaadi ajastust t\u00e4nap\u00e4evani.<\/p>\r\n\r\n\r\n\r\n<h2 class=\"wp-block-heading\">M\u00e4ngu korralduse tasu<\/h2>\r\n\r\n\r\n\r\n\r\n\r\n<p>Grupi suurus\u00a0 \u00a0 \u00a0 \u00a0 \u00a0Hind osaleja kohta<br \/>12 &#8212; 20 inimest\u00a0 \u00a0 \u00a0 27 \u20ac<br \/>21 &#8212; 40 inimest\u00a0 \u00a0 \u00a0 22 \u20ac<br \/><br \/><\/p>\r\n\r\n\r\n\r\n<p>Hinnale lisandub k\u00e4ibemaks 20%<\/p>\r\n\r\n\r\n\r\n<p><strong>NB! Telli m\u00e4ng v\u00e4hemalt 1 n\u00e4dal varem!<\/strong><\/p>\r\n\r\n\r\n\r\n<p>M\u00e4ngu korraldab seiklusfirma 360 kraadi.<br \/><a href=\"http:\/\/www.360.ee\/\" target=\"_blank\" rel=\"noreferrer noopener\">www.360.ee<\/a><\/p>\r\n\r\n\r\n\r\n<p>&nbsp;<\/p>\r\n","protected":false},"excerpt":{"rendered":"<p>Toomas Nipernaadi on tundmatu r\u00e4ndaja. Ta luiskab alatasa ning jagab katteta lubadusi \u2013 eriti ilusatele naistele. Nipernaadi enda s\u00f5nul &#171;ilus vale maksab rohkem kui karm t\u00f5de&#187;. Nipernaadi r\u00e4nnak on uus Eesti-teemaline maastikuviktoriin meeskondadele. Selles m\u00e4ngus olete nagu Nipernaadi ja l\u00e4hi\u00fcmbruse loodus on kui Eestimaa, mida&#8230;<\/p>\n","protected":false},"author":2,"featured_media":0,"parent":990,"menu_order":0,"comment_status":"closed","ping_status":"closed","template":"","meta":{"footnotes":""},"_links":{"self":[{"href":"https:\/\/laugu.ee\/ru\/wp-json\/wp\/v2\/pages\/1204"}],"collection":[{"href":"https:\/\/laugu.ee\/ru\/wp-json\/wp\/v2\/pages"}],"about":[{"href":"https:\/\/laugu.ee\/ru\/wp-json\/wp\/v2\/types\/page"}],"author":[{"embeddable":true,"href":"https:\/\/laugu.ee\/ru\/wp-json\/wp\/v2\/users\/2"}],"replies":[{"embeddable":true,"href":"https:\/\/laugu.ee\/ru\/wp-json\/wp\/v2\/comments?post=1204"}],"version-history":[{"count":7,"href":"https:\/\/laugu.ee\/ru\/wp-json\/wp\/v2\/pages\/1204\/revisions"}],"predecessor-version":[{"id":1252,"href":"https:\/\/laugu.ee\/ru\/wp-json\/wp\/v2\/pages\/1204\/revisions\/1252"}],"up":[{"embeddable":true,"href":"https:\/\/laugu.ee\/ru\/wp-json\/wp\/v2\/pages\/990"}],"wp:attachment":[{"href":"https:\/\/laugu.ee\/ru\/wp-json\/wp\/v2\/media?parent=1204"}],"curies":[{"name":"wp","href":"https:\/\/api.w.org\/{rel}","templated":true}]}}